{"id":5977,"date":"2022-10-19T10:52:22","date_gmt":"2022-10-19T10:52:22","guid":{"rendered":"https:\/\/www.clinicaplanas.com\/congreso2023\/?page_id=5977"},"modified":"2023-04-04T16:24:40","modified_gmt":"2023-04-04T16:24:40","slug":"accomodation-3-2","status":"publish","type":"page","link":"https:\/\/www.clinicaplanas.com\/congreso2023\/?page_id=5977","title":{"rendered":"Registro"},"content":{"rendered":"<section class=\"wpb-content-wrapper\"><div id='ts-background-main-5071081' class='ts-background-image ts-background ts-columns-equalize-disabled ts-composium-row-background ' data-column-equalize=\"false\" data-width-current=\"\" data-width-break=\"600\" style=\"\" data-kenburns-set=\"false\" data-offsetsallow=\"false\" data-svgshape='true' data-random='5071081' data-image-width='1920' data-image-height='1080' data-type='image' data-inline='false' data-height='0' data-screen='false' data-offset='0' data-blur='0' data-index='0' data-marginleft='0' data-marginright='0' data-paddingtop='0' data-paddingbottom='0' data-image='https:\/\/www.clinicaplanas.com\/congreso2023\/wp-content\/uploads\/2022\/10\/bck_ppal.jpg' data-size='cover' data-position='center' data-repeat='no-repeat' data-break-parents='0'><div id=\"ts-background-separator-bottom-5071081\" class=\"ts-background-separator-container\" style=\"height: 25px; top: auto; bottom: -1px; z-index: 1;\"><div class=\"ts-background-separator-wrap ts-background-separator-bottom\" data-random=\"5071081\" data-height=\"25\" data-position=\"bottom\" style=\"height: 25px;\"><svg xmlns=\"http:\/\/www.w3.org\/2000\/svg\" version=\"1.1\" class=\" \" width=\"100%\" height=\"25\" fill=\"#f4f4ec\" viewBox=\"0 0 100 10\" preserveAspectRatio=\"none\" style=\"height: 25px; width: 100%;\"><path fill=\"#f4f4ec\" d=\"M0,9.1L0,0l100,0\"><\/path><\/svg><\/div><\/div><\/div><div   class=\"vc_row wpb_row vc_row-fluid vc_custom_1669021853213 vc_row-flex vc_row-o-equal-height vc_row-o-content-middle full-width-content \">\n\t<div  class=\"vc_span4 wpb_column vc_column_container \"><div class=\"vc_column-inner \">\n\t\t<div class=\"wpb_wrapper\">\n\t\t\t\n\t\t<\/div> <\/div>\n\t<\/div> \n\n\t<div  class=\"vc_span4 wpb_column vc_column_container \"><div class=\"vc_column-inner \">\n\t\t<div class=\"wpb_wrapper\">\n\t\t\t<div class=\"vc_empty_space\"   style=\"height: 125px\"><span class=\"vc_empty_space_inner\"><\/span><\/div>\n\t<div class=\"wpb_text_column wpb_content_element  vc_custom_1666190503845  ct_bbydums2lvsmz1uwlihv\" >\n\t\t<div class=\"wpb_wrapper\" >\n\t\t\t<h2 style=\"text-align: center;\"><span style=\"color: #c28b78;\">REGISTRO<br \/>\n<\/span><\/h2>\n\n\t\t<\/div> \n\t<\/div> <div class=\"vc_empty_space  none_mob\"   style=\"height: 75px\"><span class=\"vc_empty_space_inner\"><\/span><\/div>\n\t\t<\/div> <\/div>\n\t<\/div> \n\n\t<div  class=\"vc_span4 wpb_column vc_column_container \"><div class=\"vc_column-inner \">\n\t\t<div class=\"wpb_wrapper\">\n\t\t\t\n\t\t<\/div> <\/div>\n\t<\/div> \n<\/div><div id=\"ts-background-main-9848930\" class=\"ts-background-single ts-background ts-columns-equalize-disabled ts-composium-row-background\" data-column-equalize=\"false\" data-width-current=\"\" data-width-break=\"600\" style=\"\" style=\"display: none; background-color: #f4f4ec;\" data-offsetsallow=\"false\" data-svgshape=\"false\" data-random=\"9848930\" data-type=\"single\" data-inline=\"false\" data-color=\"#f4f4ec\" data-height=\"0\" data-screen=\"false\" data-offset=\"0\" data-blur=\"0\" data-index=\"0\" data-marginleft=\"0\" data-marginright=\"0\" data-paddingtop=\"0\" data-paddingbottom=\"0\" data-break-parents=\"0\"><\/div><div   class=\"vc_row wpb_row vc_row-fluid vc_custom_1669022675101 full-width-section \">\n\t<div  class=\"vc_span12 wpb_column vc_column_container \"><div class=\"vc_column-inner vc_custom_1665917509917\">\n\t\t<div class=\"wpb_wrapper\">\n\t\t\t<div class=\"vc_row wpb_row vc_inner vc_row-fluid vc_custom_1673874680861\"><div  class=\"ponentes wpb_column vc_column_container vc_span12\"><div class=\"vc_column-inner  vc_custom_1666176289477\" ><div class=\"wpb_wrapper\"><style type=\"text\/css\" >#t_dc71205s3wgpzz3dnpg9 .table_col {color:#434444; background:#ffffff;}#t_dc71205s3wgpzz3dnpg9 .table_col .table_line_ctn {border:1px solid #444444;}#t_dc71205s3wgpzz3dnpg9 .table_col .table_line {border-bottom:1px solid #444444;} <\/style>  \n<!-- Table --><div class=\"rd_table_ctn rd_table_2_col\" id=\"t_dc71205s3wgpzz3dnpg9\"><div class=\"table_col\"><h3 style=\"background:#444444; color:#ffffff\">Inscripci\u00f3n<\/h3><div class=\"table_line_ctn\"><div class=\"table_line\"><p>Hasta el 1 de Marzo de 2023 | <b>690\u20ac<\/b><\/p><\/div><div class=\"table_line\"><p>Hasta el 31 de Marzo de 2023 | <b>750\u20ac<\/b><\/p><\/div><div class=\"table_line\"><p>A partir del 1 de abril de 2023 | <b>990\u20ac<\/b><\/p><\/div><\/div><\/div><div class=\"table_col\"><h3 style=\"background:#444444; color:#ffffff\">Residentes<\/h3><div class=\"table_line_ctn\"><div class=\"table_line\"><p>Hasta el 1 de Marzo de 2023 | <b>490\u20ac<\/b><\/p><\/div><div class=\"table_line\"><p>Hasta el 31 de Marzo de 2023 | <b>590\u20ac<\/b><\/p><\/div><div class=\"table_line\"><p>A partir del 1 de abril de 2023 | <b>690\u20ac<\/b><\/p><\/div><\/div><\/div><\/div>\r\n\r\n<!-- Table END-->\n<\/div><\/div><\/div><\/div><div class=\"vc_row wpb_row vc_inner vc_row-fluid\"><div  class=\"ponentes wpb_column vc_column_container vc_span6\"><div class=\"vc_column-inner  vc_custom_1666176289477\" ><div class=\"wpb_wrapper\"><style id=\"ts-vcsc-pricing-table-2038472-styling\" type=\"text\/css\">body #ts-vcsc-pricing-table-2038472.ts-pricing.style5 .ts-pricing-table.featured {-webkit-box-shadow: none !important;-moz-box-shadow: none !important;box-shadow: none !important;}body #ts-vcsc-pricing-table-2038472.ts-pricing.style5 .ts-pricing-table:hover {-webkit-box-shadow: none !important;-moz-box-shadow: none !important;box-shadow: none !important;}body #ts-vcsc-pricing-table-2038472.ts-pricing.style5 .ts-pricing-table.featured:hover {-moz-box-shadow: none !important;-webkit-box-shadow: none !important;box-shadow: none !important;}<\/style><div id=\"ts-vcsc-pricing-table-2038472\" class=\"ts-pricing style5 clearFixMe    \" style=\"margin-top: 0px; margin-bottom: 0px;\"><div class=\"ts-pricing-table\"><div class=\"ts-pricing-table-header\"><h3 class=\"ts-pricing-table-title\">Registro<\/h3><\/div><div class=\"ts-pricing-table-content\"><p style=\"text-align: center;\">A partir del 1 de abril de 2023<\/p>\n<\/div><div class=\"ts-pricing-table-footer\"><div class=\"ts-pricing-table-cost\">990\u20ac<\/div><p><\/p><a class=\"ts-dual-buttons-container\" href=\"?add-to-cart=5902\" target=\"_parent\"><div class=\"ts-dual-buttons-wrapper clearFixMe ts-dual-buttons-color-default ts-dual-buttons-preview-default ts-dual-buttons-hover-default\" style=\"width: 80%; margin: 20px auto;\"><span class=\"ts-dual-buttons-title\" style=\"font-size: 16px; line-height: 16px;\">Comprar<\/span><\/div><\/a><\/div><\/div><\/div><\/div><\/div><\/div><div  class=\"ponentes wpb_column vc_column_container vc_span6\"><div class=\"vc_column-inner  vc_custom_1666176295867\" ><div class=\"wpb_wrapper\"><style id=\"ts-vcsc-pricing-table-7612642-styling\" type=\"text\/css\">body #ts-vcsc-pricing-table-7612642.ts-pricing.style5 .ts-pricing-table.featured {-webkit-box-shadow: none !important;-moz-box-shadow: none !important;box-shadow: none !important;}body #ts-vcsc-pricing-table-7612642.ts-pricing.style5 .ts-pricing-table:hover {-webkit-box-shadow: none !important;-moz-box-shadow: none !important;box-shadow: none !important;}body #ts-vcsc-pricing-table-7612642.ts-pricing.style5 .ts-pricing-table.featured:hover {-moz-box-shadow: none !important;-webkit-box-shadow: none !important;box-shadow: none !important;}<\/style><div id=\"ts-vcsc-pricing-table-7612642\" class=\"ts-pricing style5 clearFixMe    \" style=\"margin-top: 0px; margin-bottom: 0px;\"><div class=\"ts-pricing-table\"><div class=\"ts-pricing-table-header\"><h3 class=\"ts-pricing-table-title\">Residentes<sup>1<\/sup><\/h3><\/div><div class=\"ts-pricing-table-content\"><p style=\"text-align: center;\">A partir del 1 de abril de 2023<\/p>\n<\/div><div class=\"ts-pricing-table-footer\"><div class=\"ts-pricing-table-cost\">690\u20ac<\/div><p><\/p><a class=\"ts-dual-buttons-container\" href=\"?add-to-cart=5966\" target=\"_parent\"><div class=\"ts-dual-buttons-wrapper clearFixMe ts-dual-buttons-color-default ts-dual-buttons-preview-default ts-dual-buttons-hover-default\" style=\"width: 80%; margin: 20px auto;\"><span class=\"ts-dual-buttons-title\" style=\"font-size: 16px; line-height: 16px;\">Comprar<\/span><\/div><\/a><\/div><\/div><\/div><\/div><\/div><\/div><\/div>\n\t<div class=\"wpb_text_column wpb_content_element  vc_custom_1666190813028  ct_89oyaiw6bw9pcyanxejn\" >\n\t\t<div class=\"wpb_wrapper\" >\n\t\t\t<p style=\"text-align: center;\"><sup>1 <\/sup>Utilice el formulario al final de esta p\u00e1gina para enviar la documentaci\u00f3n requerida.<\/p>\n\n\t\t<\/div> \n\t<\/div> \n\t\t<\/div> <\/div>\n\t<\/div> \n<\/div><div id=\"ts-background-main-1544395\" class=\"ts-background-single ts-background ts-columns-equalize-disabled ts-composium-row-background\" data-column-equalize=\"false\" data-width-current=\"\" data-width-break=\"600\" style=\"\" style=\"display: none; background-color: #434444;\" data-offsetsallow=\"false\" data-svgshape=\"false\" data-random=\"1544395\" data-type=\"single\" data-inline=\"false\" data-color=\"#434444\" data-height=\"0\" data-screen=\"false\" data-offset=\"0\" data-blur=\"0\" data-index=\"0\" data-marginleft=\"0\" data-marginright=\"0\" data-paddingtop=\"0\" data-paddingbottom=\"0\" data-break-parents=\"0\"><\/div><div   class=\"vc_row wpb_row vc_row-fluid vc_custom_1669022666442 full-width-section \">\n\t<div  class=\"vc_span12 wpb_column vc_column_container \"><div class=\"vc_column-inner vc_custom_1665917509917\">\n\t\t<div class=\"wpb_wrapper\">\n\t\t\t<div class=\"vc_row wpb_row vc_inner vc_row-fluid\"><div  class=\"ponentes wpb_column vc_column_container vc_span6\"><div class=\"vc_column-inner  vc_custom_1666176587563\"  style=\"color:#ffffff;\"><div class=\"wpb_wrapper\">\n\t<div class=\"wpb_text_column wpb_content_element  vc_custom_1666190573232  ct_j233eu57ht520v119n32\" >\n\t\t<div class=\"wpb_wrapper\" >\n\t\t\t<h4 style=\"text-align: center; color: #c28b78;\">CONDICIONES GENERALES<\/h4>\n<p style=\"text-align: center;\">Incluye 21% de IVA<\/p>\n<p style=\"text-align: center;\">La cuota incluye: Sesiones cient\u00edficas, caf\u00e9-refrescos y almuerzos.<\/p>\n<p style=\"text-align: center;\">En la cuota para residentes es imprescindible certificado que acredite su condici\u00f3n. La cuota incluye: Sesiones cient\u00edficas, caf\u00e9-refrescos y almuerzos.<\/p>\n\n\t\t<\/div> \n\t<\/div> <\/div><\/div><\/div><div  class=\"wpb_column vc_column_container vc_span6\"><div class=\"vc_column-inner  \"  style=\"color:#ffffff;\"><div class=\"wpb_wrapper\">\n\t<div class=\"wpb_text_column wpb_content_element  vc_custom_1666190635967  ct_102fj0db4n4d1b0tup1e\" >\n\t\t<div class=\"wpb_wrapper\" >\n\t\t\t<h4 style=\"text-align: center; color: #c28b78;\">CANCELACIONES<\/h4>\n<p style=\"text-align: center;\">Todas las cancelaciones o cambios de nombre deber\u00e1n ser remitidas por escrito a la secretar\u00eda del congreso a c.lazaro@bnyco.com<\/p>\n<ul>\n<li style=\"list-style-type: none;\">\n<ul>\n<li style=\"text-align: center;\">Las cancelaciones recibidas hasta el 1 de abril 2023, tendr\u00e1n derecho al reembolso del 100% del importe de la inscripci\u00f3n.<\/li>\n<li style=\"text-align: center;\">Las cancelaciones recibidas hasta el 1 de mayo de 2023, tendr\u00e1n derecho al reembolso del 50% del importe de la inscripci\u00f3n.<\/li>\n<li style=\"text-align: center;\">Las cancelaciones recibidas a partir del 1 de mayo 2023, no tendr\u00e1n derecho a reembolso.<\/li>\n<\/ul>\n<\/li>\n<\/ul>\n\n\t\t<\/div> \n\t<\/div> <\/div><\/div><\/div><\/div>\n\t\t<\/div> <\/div>\n\t<\/div> \n<\/div><div id=\"ts-background-main-9074033\" class=\"ts-background-single ts-background ts-columns-equalize-disabled ts-composium-row-background\" data-column-equalize=\"false\" data-width-current=\"\" data-width-break=\"600\" style=\"\" style=\"display: none; background-color: #f4f4ec;\" data-offsetsallow=\"false\" data-svgshape=\"false\" data-random=\"9074033\" data-type=\"single\" data-inline=\"false\" data-color=\"#f4f4ec\" data-height=\"0\" data-screen=\"false\" data-offset=\"0\" data-blur=\"0\" data-index=\"0\" data-marginleft=\"0\" data-marginright=\"0\" data-paddingtop=\"0\" data-paddingbottom=\"0\" data-break-parents=\"0\"><\/div><div  id='formulario'  class=\"vc_row wpb_row vc_row-fluid vc_custom_1669022328661 full-width-section \" style=\"color:#000000;\">\n\t<div  class=\"vc_span12 wpb_column vc_column_container \"><div class=\"vc_column-inner vc_custom_1665917509917\">\n\t\t<div class=\"wpb_wrapper\">\n\t\t\t<div class=\"vc_row wpb_row vc_inner vc_row-fluid\"><div  class=\"ponentes wpb_column vc_column_container vc_span12\"><div class=\"vc_column-inner  vc_custom_1669022862017\"  style=\"color:#434444;\"><div class=\"wpb_wrapper\"><div class=\"wpforms-container wpforms-container-full\" id=\"wpforms-5336\"><form id=\"wpforms-form-5336\" class=\"wpforms-validate wpforms-form\" data-formid=\"5336\" method=\"post\" enctype=\"multipart\/form-data\" action=\"\/congreso2023\/index.php?rest_route=%2Fwp%2Fv2%2Fpages%2F5977&#038;wpforms_form_id=5336\" data-token=\"8c80a416510701e2ae9cc884494c4977\"><div class=\"wpforms-head-container\"><div class=\"wpforms-title\">Env\u00edo de documentaci\u00f3n<\/div><\/div><noscript class=\"wpforms-error-noscript\">Please enable JavaScript in your browser to complete this form.<\/noscript><div class=\"wpforms-field-container\"><div id=\"wpforms-5336-field_7-container\" class=\"wpforms-field wpforms-field-radio wpforms-list-3-columns\" data-field-id=\"7\"><label class=\"wpforms-field-label\" for=\"wpforms-5336-field_7\">Motivo del env\u00edo <span class=\"wpforms-required-label\">*<\/span><\/label><ul id=\"wpforms-5336-field_7\" class=\"wpforms-field-required\"><li class=\"choice-1 depth-1\"><input type=\"radio\" id=\"wpforms-5336-field_7_1\" name=\"wpforms[fields][7]\" value=\"Justificante de transferencia\" required ><label class=\"wpforms-field-label-inline\" for=\"wpforms-5336-field_7_1\">Justificante de transferencia<\/label><\/li><li class=\"choice-2 depth-1\"><input type=\"radio\" id=\"wpforms-5336-field_7_2\" name=\"wpforms[fields][7]\" value=\"Certificado para m\u00e9dicos residentes\" required ><label class=\"wpforms-field-label-inline\" for=\"wpforms-5336-field_7_2\">Certificado para m\u00e9dicos residentes<\/label><\/li><li class=\"choice-4 depth-1\"><input type=\"radio\" id=\"wpforms-5336-field_7_4\" name=\"wpforms[fields][7]\" value=\"Otro\" required ><label class=\"wpforms-field-label-inline\" for=\"wpforms-5336-field_7_4\">Otro<\/label><\/li><\/ul><\/div><div id=\"wpforms-5336-field_1-container\" class=\"wpforms-field wpforms-field-name\" data-field-id=\"1\"><label class=\"wpforms-field-label\" for=\"wpforms-5336-field_1\">Nombre y Apellidos <span class=\"wpforms-required-label\">*<\/span><\/label><div class=\"wpforms-field-row wpforms-field-medium\"><div class=\"wpforms-field-row-block wpforms-first wpforms-one-half\"><input type=\"text\" id=\"wpforms-5336-field_1\" class=\"wpforms-field-name-first wpforms-field-required\" name=\"wpforms[fields][1][first]\" required><label for=\"wpforms-5336-field_1\" class=\"wpforms-field-sublabel after \">First<\/label><\/div><div class=\"wpforms-field-row-block wpforms-one-half\"><input type=\"text\" id=\"wpforms-5336-field_1-last\" class=\"wpforms-field-name-last wpforms-field-required\" name=\"wpforms[fields][1][last]\" required><label for=\"wpforms-5336-field_1-last\" class=\"wpforms-field-sublabel after \">Last<\/label><\/div><\/div><\/div><div id=\"wpforms-5336-field_4-container\" class=\"wpforms-field wpforms-field-email wpforms-one-half wpforms-first\" data-field-id=\"4\"><label class=\"wpforms-field-label\" for=\"wpforms-5336-field_4\">Email <span class=\"wpforms-required-label\">*<\/span><\/label><input type=\"email\" id=\"wpforms-5336-field_4\" class=\"wpforms-field-medium wpforms-field-required\" name=\"wpforms[fields][4]\" required><\/div><div id=\"wpforms-5336-field_5-container\" class=\"wpforms-field wpforms-field-phone wpforms-one-half\" data-field-id=\"5\"><label class=\"wpforms-field-label\" for=\"wpforms-5336-field_5\">Tel\u00e9fono <span class=\"wpforms-required-label\">*<\/span><\/label><input type=\"tel\" id=\"wpforms-5336-field_5\" class=\"wpforms-field-medium wpforms-field-required\" data-rule-int-phone-field=\"true\" name=\"wpforms[fields][5]\" required><\/div><div id=\"wpforms-5336-field_3-container\" class=\"wpforms-field wpforms-field-file-upload\" data-field-id=\"3\"><label class=\"wpforms-field-label\" for=\"wpforms-5336-field_3\">Enviar archivo adjunto <span class=\"wpforms-required-label\">*<\/span><\/label><div\n\t\tclass=\"wpforms-uploader\"\n\t\tdata-field-id=\"3\"\n\t\tdata-form-id=\"5336\"\n\t\tdata-input-name=\"wpforms_5336_3\"\n\t\tdata-extensions=\"jpg,pdf,png\"\n\t\tdata-max-size=\"268435456\"\n\t\tdata-max-file-number=\"1\"\n\t\tdata-post-max-size=\"268435456\"\n\t\tdata-max-parallel-uploads=\"4\"\n\t\tdata-parallel-uploads=\"true\"\n\t\tdata-file-chunk-size=\"2097152\">\n\t<div class=\"dz-message\">\n\t\t<svg viewBox=\"0 0 1024 1024\" focusable=\"false\" data-icon=\"inbox\" width=\"50px\" height=\"50px\" fill=\"#b1b1b1\" aria-hidden=\"true\">\n\t\t\t<path d=\"M885.2 446.3l-.2-.8-112.2-285.1c-5-16.1-19.9-27.2-36.8-27.2H281.2c-17 0-32.1 11.3-36.9 27.6L139.4 443l-.3.7-.2.8c-1.3 4.9-1.7 9.9-1 14.8-.1 1.6-.2 3.2-.2 4.8V830a60.9 60.9 0 0 0 60.8 60.8h627.2c33.5 0 60.8-27.3 60.9-60.8V464.1c0-1.3 0-2.6-.1-3.7.4-4.9 0-9.6-1.3-14.1zm-295.8-43l-.3 15.7c-.8 44.9-31.8 75.1-77.1 75.1-22.1 0-41.1-7.1-54.8-20.6S436 441.2 435.6 419l-.3-15.7H229.5L309 210h399.2l81.7 193.3H589.4zm-375 76.8h157.3c24.3 57.1 76 90.8 140.4 90.8 33.7 0 65-9.4 90.3-27.2 22.2-15.6 39.5-37.4 50.7-63.6h156.5V814H214.4V480.1z\"><\/path>\n\t\t<\/svg>\n\t\t<span class=\"modern-title\">Click or drag a file to this area to upload.<\/span>\n\n\t\t\t<\/div>\n<\/div>\n<input\n\t\ttype=\"text\"\n\t\tautocomplete=\"off\"\n\t\tclass=\"dropzone-input\"\n\t\tstyle=\"position:absolute!important;clip:rect(0,0,0,0)!important;height:1px!important;width:1px!important;border:0!important;overflow:hidden!important;padding:0!important;margin:0!important;\"\n\t\tid=\"wpforms-5336-field_3\"\n\t\tname=\"wpforms_5336_3\" required\t\tvalue=\"\">\n<div class=\"wpforms-field-description\">S\u00f3lo se admiten archivos jpg, png y pdf. M\u00e1ximo tama\u00f1o del archivo: 1MB.<\/div><\/div><div id=\"wpforms-5336-field_14-container\" class=\"wpforms-field wpforms-field-html\" data-field-id=\"14\"><div id=\"wpforms-5336-field_14\"><p>Al enviar este formulario, aceptas la pol\u00edtica de privacidad y T\u00e9rminos legales de la p\u00e1gina.<\/p><\/div><\/div><\/div><input type=\"hidden\" name=\"wpforms[recaptcha]\" value=\"\"><div class=\"wpforms-submit-container\"><input type=\"hidden\" name=\"wpforms[id]\" value=\"5336\"><input type=\"hidden\" name=\"wpforms[author]\" value=\"1\"><button type=\"submit\" name=\"wpforms[submit]\" id=\"wpforms-submit-5336\" class=\"wpforms-submit\" aria-live=\"assertive\" value=\"wpforms-submit\">Enviar<\/button><\/div><\/form><\/div>  <!-- .wpforms-container --><\/div><\/div><\/div><\/div>\n\t\t<\/div> <\/div>\n\t<\/div> \n<\/div>\n<\/section>","protected":false},"excerpt":{"rendered":"<p>REGISTRO Inscripci\u00f3nHasta el 1 de Marzo de 2023 | 690\u20acHasta el 31 de Marzo de 2023 | 750\u20acA partir del 1 de abril de 2023 | 990\u20acResidentesHasta el 1 de Marzo de 2023 | 490\u20acHasta el 31 de Marzo de 2023 | 590\u20acA partir del 1 de abril de 2023 | 690\u20ac RegistroA partir del<br \/><a href=\"https:\/\/www.clinicaplanas.com\/congreso2023\/?page_id=5977\" class=\"more\">Read more<\/a><\/p>\n","protected":false},"author":1,"featured_media":0,"parent":0,"menu_order":0,"comment_status":"closed","ping_status":"closed","template":"","meta":{"footnotes":""},"class_list":["post-5977","page","type-page","status-publish","hentry"],"lang":"es","translations":{"es":5977,"en":5939},"pll_sync_post":[],"_links":{"self":[{"href":"https:\/\/www.clinicaplanas.com\/congreso2023\/index.php?rest_route=\/wp\/v2\/pages\/5977"}],"collection":[{"href":"https:\/\/www.clinicaplanas.com\/congreso2023\/index.php?rest_route=\/wp\/v2\/pages"}],"about":[{"href":"https:\/\/www.clinicaplanas.com\/congreso2023\/index.php?rest_route=\/wp\/v2\/types\/page"}],"author":[{"embeddable":true,"href":"https:\/\/www.clinicaplanas.com\/congreso2023\/index.php?rest_route=\/wp\/v2\/users\/1"}],"replies":[{"embeddable":true,"href":"https:\/\/www.clinicaplanas.com\/congreso2023\/index.php?rest_route=%2Fwp%2Fv2%2Fcomments&post=5977"}],"version-history":[{"count":0,"href":"https:\/\/www.clinicaplanas.com\/congreso2023\/index.php?rest_route=\/wp\/v2\/pages\/5977\/revisions"}],"wp:attachment":[{"href":"https:\/\/www.clinicaplanas.com\/congreso2023\/index.php?rest_route=%2Fwp%2Fv2%2Fmedia&parent=5977"}],"curies":[{"name":"wp","href":"https:\/\/api.w.org\/{rel}","templated":true}]}}