{"id":5833,"date":"2022-05-31T07:47:33","date_gmt":"2022-05-31T07:47:33","guid":{"rendered":"https:\/\/www.clinicaplanas.com\/congreso2023\/?page_id=5833"},"modified":"2022-10-18T14:31:41","modified_gmt":"2022-10-18T14:31:41","slug":"condiciones-de-compra-2","status":"publish","type":"page","link":"https:\/\/www.clinicaplanas.com\/congreso2023\/?page_id=5833","title":{"rendered":"Condiciones generales de compra"},"content":{"rendered":"<section class=\"wpb-content-wrapper\"><div id='ts-background-main-1118188' class='ts-background-image ts-background ts-columns-equalize-disabled ts-composium-row-background ' data-column-equalize=\"false\" data-width-current=\"\" data-width-break=\"600\" style=\"\" data-kenburns-set=\"false\" data-offsetsallow=\"false\" data-svgshape='true' data-random='1118188' data-image-width='1920' data-image-height='1080' data-type='image' data-inline='false' data-height='0' data-screen='false' data-offset='0' data-blur='0' data-index='0' data-marginleft='0' data-marginright='0' data-paddingtop='0' data-paddingbottom='0' data-image='https:\/\/www.clinicaplanas.com\/congreso2023\/wp-content\/uploads\/2022\/10\/bck_ppal.jpg' data-size='cover' data-position='center' data-repeat='no-repeat' data-break-parents='0'><div id=\"ts-background-separator-bottom-1118188\" class=\"ts-background-separator-container\" style=\"height: 25px; top: auto; bottom: -1px; z-index: 1;\"><div class=\"ts-background-separator-wrap ts-background-separator-bottom\" data-random=\"1118188\" data-height=\"25\" data-position=\"bottom\" style=\"height: 25px;\"><svg xmlns=\"http:\/\/www.w3.org\/2000\/svg\" version=\"1.1\" class=\" \" width=\"100%\" height=\"25\" fill=\"#f4f4ec\" viewBox=\"0 0 100 10\" preserveAspectRatio=\"none\" style=\"height: 25px; width: 100%;\"><path fill=\"#f4f4ec\" d=\"M0,9.1L0,0l100,0\"><\/path><\/svg><\/div><\/div><\/div><div   class=\"vc_row wpb_row vc_row-fluid vc_custom_1666005481838 vc_row-flex vc_row-o-equal-height vc_row-o-content-middle full-width-content \">\n\t<div  class=\"vc_span12 wpb_column vc_column_container \"><div class=\"vc_column-inner \">\n\t\t<div class=\"wpb_wrapper\">\n\t\t\t<div class=\"vc_empty_space\"   style=\"height: 125px\"><span class=\"vc_empty_space_inner\"><\/span><\/div>\n\t<div class=\"wpb_text_column wpb_content_element  vc_custom_1666006060064  ct_6ph3et9bdsf2s7wn7e7l\" >\n\t\t<div class=\"wpb_wrapper\" >\n\t\t\t<h2 style=\"text-align: center;\"><span style=\"color: #c28b78;\">CONDICIONES DE COMPRA<br \/>\n<\/span><\/h2>\n\n\t\t<\/div> \n\t<\/div> <div class=\"vc_empty_space  none_mob\"   style=\"height: 75px\"><span class=\"vc_empty_space_inner\"><\/span><\/div>\n\t\t<\/div> <\/div>\n\t<\/div> \n<\/div><div id=\"ts-background-main-3312359\" class=\"ts-background-single ts-background ts-columns-equalize-disabled ts-composium-row-background\" data-column-equalize=\"false\" data-width-current=\"\" data-width-break=\"600\" style=\"\" style=\"display: none; background-color: #f4f4ec;\" data-offsetsallow=\"false\" data-svgshape=\"false\" data-random=\"3312359\" data-type=\"single\" data-inline=\"false\" data-color=\"#f4f4ec\" data-height=\"0\" data-screen=\"false\" data-offset=\"0\" data-blur=\"0\" data-index=\"0\" data-marginleft=\"0\" data-marginright=\"0\" data-paddingtop=\"0\" data-paddingbottom=\"0\" data-break-parents=\"0\"><\/div><div   class=\"vc_row wpb_row vc_row-fluid vc_custom_1665912807166 vc_row-o-content-middle full-width-section \">\n\t<div  class=\"vc_span12 wpb_column vc_column_container \"><div class=\"vc_column-inner \">\n\t\t<div class=\"wpb_wrapper\">\n\t\t\t\n\t<div class=\"wpb_text_column wpb_content_element  vc_custom_1666103466247  ct_uqqiy64lo0uinjflq4u6\" >\n\t\t<div class=\"wpb_wrapper\" >\n\t\t\t<p>Para realizar inscripciones online en el congreso a trav\u00e9s de la tienda online de FJP aparecer\u00e1n, en cada pantalla, los pasos que tendr\u00e1 que dar para realizar correctamente la operaci\u00f3n de compra on-line. Las pantallas para ejecutar la compra est\u00e1n, por defecto, en espa\u00f1ol.<\/p>\n<p>Podr\u00e1 acceder a la inscripci\u00f3n como usuario no registrado. Le ser\u00e1n solicitados los datos personales imprescindibles para poder efectuar correctamente la inscripci\u00f3n. El tratamiento de dichos datos personales se regir\u00e1 por la <a href=\"https:\/\/www.clinicaplanas.com\/congreso2023\/?page_id=2847\">pol\u00edtica de privacidad<\/a> de FJP.<\/p>\n\n\t\t<\/div> \n\t<\/div> \n\t<div class=\"wpb_text_column wpb_content_element   ct_nptl29nl276z5u557glh\" >\n\t\t<div class=\"wpb_wrapper\" >\n\t\t\t<h3>Precio e impuestos.<\/h3>\n<p>Los precios de las inscripciones (IVA incluido) le ser\u00e1n especificados antes de realizar la compra y, en todo caso, en el momento de la selecci\u00f3n de la modalidad de inscripci\u00f3n.<\/p>\n<p>FJP se compromete a mantener el precio de la inscripci\u00f3n que aparece en pantalla en el momento de efectuar la compra.<\/p>\n<p>La cuota incluye: Sesiones cient\u00edficas, caf\u00e9-refrescos y almuerzos.<\/p>\n<p>La cena del congreso no est\u00e1 incluida en la cuota de Inscripci\u00f3n. Se solicitar\u00e1 y se abonar\u00e1 aparte. (Contactar con la secretar\u00eda t\u00e9cnica).<\/p>\n<p>Las plazas para m\u00e9dicos residentes son limitadas (50). Imprescindible certificado que acredite su condici\u00f3n. La cuota incluye: Sesiones cient\u00edficas, caf\u00e9-refrescos y almuerzos.<\/p>\n\n\t\t<\/div> \n\t<\/div> \n\t<div class=\"wpb_text_column wpb_content_element  vc_custom_1666103425142  ct_n40h6u1j6p65wc8fvt6e\" >\n\t\t<div class=\"wpb_wrapper\" >\n\t\t\t<h3>Forma de pago.<\/h3>\n<p>Los pagos se podr\u00e1n realizar mediante tarjeta de cr\u00e9dito o d\u00e9bito a trav\u00e9s del Terminal de Pago Seguro de Redsys o mediante el sistema Transferencia bancaria.<\/p>\n\n\t\t<\/div> \n\t<\/div> \n\t<div class=\"wpb_text_column wpb_content_element  vc_custom_1666103433718  ct_wnx3914348drc73b8r9l\" >\n\t\t<div class=\"wpb_wrapper\" >\n\t\t\t<h3>Pago con tarjeta bancaria.<\/h3>\n<p>El Terminal de Pago Virtual (TPV) de Banco Santander\/Redsys admite el pago con tarjeta de cr\u00e9dito. Para realizar los pagos con tarjeta es necesario indicar: n\u00famero, fecha de caducidad, nombre y apellidos del titular (tal y como figuran en la tarjeta) y c\u00f3digo CVV de la tarjeta.<\/p>\n<p>El cargo por el importe del pedido en la tarjeta bancaria del cliente se efectuar\u00e1 en el momento de la compra. Para mejorar la protecci\u00f3n contra posibles fraudes, el cliente deber\u00e1 facilitar de nuevo los datos de su tarjeta en cada compra, ya que FJP no tiene acceso ni almacena los datos bancarios de sus clientes.<\/p>\n\n\t\t<\/div> \n\t<\/div> \n\t<div class=\"wpb_text_column wpb_content_element  vc_custom_1653907659645  ct_p0uzi0ks5tagnhm2d3ri\" >\n\t\t<div class=\"wpb_wrapper\" >\n\t\t\t<h3>Pago por Transferencia Bancaria<strong><br \/>\n<\/strong><\/h3>\n<p>El cliente, al realizar la inscripci\u00f3n, deber\u00e1 marcar la modalidad &#8220;Transferencia bancaria&#8221; en el pago. Para confirmar el pago, puede enviarnos el justificante del mismo o bien adjuntar un archivo desde el formulario de env\u00edo de documentos con la captura del justificante de pago en formato, por ejemplo: JPG, PNG, PDF, etc. Sin el justificante o sin haber recibido la transferencia en cuenta, no podr\u00e1 considerarse v\u00e1lida la inscripci\u00f3n.<\/p>\n\n\t\t<\/div> \n\t<\/div> \n\t<div class=\"wpb_text_column wpb_content_element  vc_custom_1666006234669  ct_czj6yz9k316y7qklbift\" >\n\t\t<div class=\"wpb_wrapper\" >\n\t\t\t<h3>Custodia de los datos. Prueba de la compra.<\/h3>\n<p>Toda la informaci\u00f3n que nos suministre durante la operaci\u00f3n de compra ser\u00e1 almacenada durante un per\u00edodo m\u00e1ximo de un a\u00f1o, pudiendo acceder a dicha informaci\u00f3n mediante la correspondiente solicitud motivada dirigida a la direcci\u00f3n de correo electr\u00f3nico a info@clinicaplanas.com.<\/p>\n<p>Una vez env\u00ede sus datos, recibir\u00e1 una confirmaci\u00f3n de su compra que podr\u00e1 imprimir y que ser\u00e1 prueba de la compra realizada sin perjuicio de que el pago se produzca de forma efectiva.<\/p>\n\n\t\t<\/div> \n\t<\/div> \n\t<div class=\"wpb_text_column wpb_content_element  vc_custom_1666006420097  ct_m2qf2wh02gkqpkjvxi0r\" >\n\t\t<div class=\"wpb_wrapper\" >\n\t\t\t<h3>Derechos del comprador y pol\u00edtica de devoluciones.<\/h3>\n<p>FJP garantiza a sus clientes la posibilidad de anular su inscripci\u00f3n en cualquier momento, teniendo en cuenta los siguientes puntos:<\/p>\n<ul>\n<li style=\"list-style-type: none;\">\n<ul>\n<li>Todas las <strong>cancelaciones<\/strong> o cambios de nombre deber\u00e1n ser <strong>remitidas por escrito<\/strong> a la secretar\u00eda del congreso a cursos@clinicaplanas.com<\/li>\n<li>Las <strong>cancelaciones recibidas hasta el 1 de abril 2023<\/strong>, tendr\u00e1n derecho al reembolso del 100% del importe de la inscripci\u00f3n.<\/li>\n<li>Las <strong>cancelaciones recibidas hasta el 1 de mayo de 2023<\/strong>, tendr\u00e1n derecho al reembolso del 50% del importe de la inscripci\u00f3n.<\/li>\n<li>Las <strong>cancelaciones recibidas a partir del 1 de mayo 2023<\/strong>, no tendr\u00e1n derecho a reembolso.<\/li>\n<\/ul>\n<\/li>\n<\/ul>\n\n\t\t<\/div> \n\t<\/div> \n\t<div class=\"wpb_text_column wpb_content_element  vc_custom_1653907684612  ct_o7usge75a7m389depia1\" >\n\t\t<div class=\"wpb_wrapper\" >\n\t\t\t<h3>Legislaci\u00f3n aplicable.<\/h3>\n<p>Las presentes Condiciones se regir\u00e1n en todo momento por lo dispuesto en la legislaci\u00f3n espa\u00f1ola.<\/p>\n\n\t\t<\/div> \n\t<\/div> \n\t\t<\/div> <\/div>\n\t<\/div> \n<\/div>\n<\/section>","protected":false},"excerpt":{"rendered":"<p>CONDICIONES DE COMPRA Para realizar inscripciones online en el congreso a trav\u00e9s de la tienda online de FJP aparecer\u00e1n, en cada pantalla, los pasos que tendr\u00e1 que dar para realizar correctamente la operaci\u00f3n de compra on-line. Las pantallas para ejecutar la compra est\u00e1n, por defecto, en espa\u00f1ol. Podr\u00e1 acceder a la inscripci\u00f3n como usuario no<br \/><a href=\"https:\/\/www.clinicaplanas.com\/congreso2023\/?page_id=5833\" class=\"more\">Read more<\/a><\/p>\n","protected":false},"author":1,"featured_media":0,"parent":0,"menu_order":0,"comment_status":"closed","ping_status":"closed","template":"","meta":{"footnotes":""},"class_list":["post-5833","page","type-page","status-publish","hentry"],"lang":"en","translations":{"en":5833,"es":5418},"pll_sync_post":[],"_links":{"self":[{"href":"https:\/\/www.clinicaplanas.com\/congreso2023\/index.php?rest_route=\/wp\/v2\/pages\/5833"}],"collection":[{"href":"https:\/\/www.clinicaplanas.com\/congreso2023\/index.php?rest_route=\/wp\/v2\/pages"}],"about":[{"href":"https:\/\/www.clinicaplanas.com\/congreso2023\/index.php?rest_route=\/wp\/v2\/types\/page"}],"author":[{"embeddable":true,"href":"https:\/\/www.clinicaplanas.com\/congreso2023\/index.php?rest_route=\/wp\/v2\/users\/1"}],"replies":[{"embeddable":true,"href":"https:\/\/www.clinicaplanas.com\/congreso2023\/index.php?rest_route=%2Fwp%2Fv2%2Fcomments&post=5833"}],"version-history":[{"count":0,"href":"https:\/\/www.clinicaplanas.com\/congreso2023\/index.php?rest_route=\/wp\/v2\/pages\/5833\/revisions"}],"wp:attachment":[{"href":"https:\/\/www.clinicaplanas.com\/congreso2023\/index.php?rest_route=%2Fwp%2Fv2%2Fmedia&parent=5833"}],"curies":[{"name":"wp","href":"https:\/\/api.w.org\/{rel}","templated":true}]}}