{"id":2847,"date":"2018-05-21T07:27:16","date_gmt":"2018-05-21T07:27:16","guid":{"rendered":"https:\/\/www.clinicaplanas.com\/congreso20232018\/?page_id=2847"},"modified":"2022-10-17T11:38:28","modified_gmt":"2022-10-17T11:38:28","slug":"privacy-policy","status":"publish","type":"page","link":"https:\/\/www.clinicaplanas.com\/congreso2023\/?page_id=2847","title":{"rendered":"Privacy Policy"},"content":{"rendered":"<section class=\"wpb-content-wrapper\"><div id='ts-background-main-2863852' class='ts-background-image ts-background ts-columns-equalize-disabled ts-composium-row-background ' data-column-equalize=\"false\" data-width-current=\"\" data-width-break=\"600\" style=\"\" data-kenburns-set=\"false\" data-offsetsallow=\"false\" data-svgshape='true' data-random='2863852' data-image-width='1920' data-image-height='1080' data-type='image' data-inline='false' data-height='0' data-screen='false' data-offset='0' data-blur='0' data-index='0' data-marginleft='0' data-marginright='0' data-paddingtop='0' data-paddingbottom='0' data-image='https:\/\/www.clinicaplanas.com\/congreso2023\/wp-content\/uploads\/2022\/10\/bck_ppal.jpg' data-size='cover' data-position='center' data-repeat='no-repeat' data-break-parents='0'><div id=\"ts-background-separator-bottom-2863852\" class=\"ts-background-separator-container\" style=\"height: 25px; top: auto; bottom: -1px; z-index: 1;\"><div class=\"ts-background-separator-wrap ts-background-separator-bottom\" data-random=\"2863852\" data-height=\"25\" data-position=\"bottom\" style=\"height: 25px;\"><svg xmlns=\"http:\/\/www.w3.org\/2000\/svg\" version=\"1.1\" class=\" \" width=\"100%\" height=\"25\" fill=\"#f4f4ec\" viewBox=\"0 0 100 10\" preserveAspectRatio=\"none\" style=\"height: 25px; width: 100%;\"><path fill=\"#f4f4ec\" d=\"M0,9.1L0,0l100,0\"><\/path><\/svg><\/div><\/div><\/div><div   class=\"vc_row wpb_row vc_row-fluid vc_custom_1666005481838 vc_row-flex vc_row-o-equal-height vc_row-o-content-middle full-width-content \">\n\t<div  class=\"vc_span12 wpb_column vc_column_container \"><div class=\"vc_column-inner \">\n\t\t<div class=\"wpb_wrapper\">\n\t\t\t<div class=\"vc_empty_space\"   style=\"height: 125px\"><span class=\"vc_empty_space_inner\"><\/span><\/div>\n\t<div class=\"wpb_text_column wpb_content_element  vc_custom_1666005165648  ct_xifr2e6x6bjzz3ufmmqa\" >\n\t\t<div class=\"wpb_wrapper\" >\n\t\t\t<h2 style=\"text-align: center;\"><span style=\"color: #c28b78;\">POL\u00cdTICA DE PRIVACIDAD<br \/>\n<\/span><\/h2>\n\n\t\t<\/div> \n\t<\/div> <div class=\"vc_empty_space  none_mob\"   style=\"height: 75px\"><span class=\"vc_empty_space_inner\"><\/span><\/div>\n\t\t<\/div> <\/div>\n\t<\/div> \n<\/div><div id=\"ts-background-main-8376829\" class=\"ts-background-single ts-background ts-columns-equalize-disabled ts-composium-row-background\" data-column-equalize=\"false\" data-width-current=\"\" data-width-break=\"600\" style=\"\" style=\"display: none; background-color: #f4f4ec;\" data-offsetsallow=\"false\" data-svgshape=\"false\" data-random=\"8376829\" data-type=\"single\" data-inline=\"false\" data-color=\"#f4f4ec\" data-height=\"0\" data-screen=\"false\" data-offset=\"0\" data-blur=\"0\" data-index=\"0\" data-marginleft=\"0\" data-marginright=\"0\" data-paddingtop=\"0\" data-paddingbottom=\"0\" data-break-parents=\"0\"><\/div><div   class=\"vc_row wpb_row vc_row-fluid vc_custom_1665912807166 vc_row-o-content-middle full-width-section \">\n\t<div  class=\"vc_span12 wpb_column vc_column_container \"><div class=\"vc_column-inner \">\n\t\t<div class=\"wpb_wrapper\">\n\t\t\t\n\t<div class=\"wpb_text_column wpb_content_element   ct_blrpy21umjuxd8t42bse\" >\n\t\t<div class=\"wpb_wrapper\" >\n\t\t\t<p>En la <strong>Fundaci\u00f3n Jaime Planas<\/strong> sabemos lo importante que es tu privacidad y por ello nos preocupamos por tratar tus datos personales de manera leal, l\u00edcita y transparente. A trav\u00e9s de nuestra Pol\u00edtica de Privacidad queremos proporcionarte informaci\u00f3n detallada sobre los tratamientos que realizamos con los datos que usted nos proporcione.<\/p>\n<p>Es importante que usted haya le\u00eddo detenidamente la informaci\u00f3n sobre protecci\u00f3n de datos facilitada previamente y la presente Pol\u00edtica de Privacidad, ya que a trav\u00e9s de estos medios le proporcionamos informaci\u00f3n sobre c\u00f3mo estamos tratando sus datos.<\/p>\n<h4><\/h4>\n<h4>\u00bfQui\u00e9n es el responsable del tratamiento de sus datos personales?<\/h4>\n<p>La informaci\u00f3n y\/o datos personales que nos proporcione se incluyen en un sistema de tratamiento cuyo responsable es la Fundaci\u00f3n Jaime Planas (en adelante, FJP):<\/p>\n<ul>\n<li>NIF G-59509133<\/li>\n<li>Pere II de Montcada, 14, 08034, Barcelona.<\/li>\n<li>Contacto del Coordinador de Protecci\u00f3n de Datos: info@clinicaplanas.com<\/li>\n<\/ul>\n<h4><\/h4>\n<p>&nbsp;<\/p>\n<h4>\u00bfQu\u00e9 informaci\u00f3n tratamos?<\/h4>\n<p>Desde FJP tratamos la informaci\u00f3n que usted nos proporciona directamente. Los datos que recabamos para llevar a cabo la\/s finalidad\/es sobre las que usted ha sido y est\u00e1 siendo informado son su nombre, tel\u00e9fono, correo electr\u00f3nico, direcci\u00f3n, direcci\u00f3n de facturaci\u00f3n.<\/p>\n<p>Mientras no nos comunique lo contrario, entenderemos que sus datos no han sido modificados y que usted se compromete a notificarnos cualquier variaci\u00f3n sobre los mismos.<\/p>\n<h4><\/h4>\n<p>&nbsp;<\/p>\n<h4>\u00bfCon qu\u00e9 finalidad tratamos sus datos personales?<\/h4>\n<p>En FJP tratamos sus datos para llevar a cabo las siguientes finalidades:<\/p>\n<ul>\n<li>Atender y gestionar las solicitudes, consultas y env\u00edo de notificaci\u00f3n a trav\u00e9s del formulario de contacto de este Sitio web.<\/li>\n<li>Tramitar y gestionar las inscripciones al evento desde nuestra tienda online.<\/li>\n<\/ul>\n<p>FJP le informa de que sus datos ser\u00e1n tratados exclusivamente para la finalidad que se describe y sobre la que usted ha sido informado y no ser\u00e1n tratados ulteriormente de manera incompatible con dicha finalidad.<\/p>\n<p>En el caso de que tratemos sus datos para otras finalidades distintas, le facilitaremos la informaci\u00f3n sobre protecci\u00f3n de datos correspondiente y, en su caso, recabaremos su consentimiento.<\/p>\n<h4><\/h4>\n<p>&nbsp;<\/p>\n<h4>\u00bfCu\u00e1l es la base de legitimaci\u00f3n para el tratamiento de sus datos?<\/h4>\n<p>El tratamiento de sus datos est\u00e1 basado en:<\/p>\n<p>Su consentimiento expreso e inequ\u00edvoco cuando tratemos sus datos para llevar a cabo algunas de las siguientes finalidades:<\/p>\n<ul>\n<li>Atender y gestionar las solicitudes y consultas enviadas a trav\u00e9s del formulario de contacto de este Sitio web.<\/li>\n<li>Cuando nos env\u00ede su curr\u00edculum, trataremos sus datos para incluirlos en nuestra base de datos y poder emplearlos para gestionar los procesos de selecci\u00f3n que organicemos y a los que su perfil pudiera adecuarse.<\/li>\n<\/ul>\n<p>Ejecuci\u00f3n de contrato de compraventa o de las medidas precontractuales derivadas del mismo cuando tramitemos y gestionemos sus reservas o compras de visitas a nuestras bodegas y su asistencia a las mismas en la ficha se\u00f1alada.<\/p>\n<p>Proporcionar los datos personales solicitados y prestar su consentimiento expreso resulta obligatorio, ya que en su defecto no podremos llevar a cabo la finalidad sobre la que previamente le hemos informado.<\/p>\n<h4><\/h4>\n<p>&nbsp;<\/p>\n<h4>\u00bfPor cu\u00e1nto tiempo conservaremos sus datos personales?<\/h4>\n<p>Los datos personales proporcionados se conservar\u00e1n exclusivamente durante el tiempo necesario para llevar a cabo las finalidades para las que fueron recabados y en todo caso, conforme a los siguiente criterios: (i) existencia de obligaciones legales de conservaci\u00f3n; (ii) duraci\u00f3n del tratamiento para el que se recaban sus datos; (iii) plazo de prescripci\u00f3n de las responsabilidades legales que pudieran derivarse; y (iv) solicitud de supresi\u00f3n y retirada de su consentimiento en los supuestos en los que proceda.<\/p>\n<h4><\/h4>\n<p>&nbsp;<\/p>\n<h4>\u00bfA qu\u00e9 destinatarios se comunicar\u00e1n sus datos?<\/h4>\n<p>Le informamos que, cuando tratemos sus datos para tramitar y gestionar sus compras en el Sitio Web, sus datos ser\u00e1n comunicados a BN&amp;Co (C\/ Ayala, n\u00ba 11, 1\u00ba \u2013 28001 Madrid ) con el fin de tramitarlas y atenderlas adecuadamente.<\/p>\n<p>Fuera de este caso, sus datos no se ceder\u00e1n ni ser\u00e1n objeto de transferencias internacionales, salvo que contemos con su consentimiento expreso y\/o se precise el cumplimiento de las obligaciones legales establecidas por el Derecho de la Uni\u00f3n y\/o Estados Miembros.<\/p>\n<h4><\/h4>\n<p>&nbsp;<\/p>\n<h4>\u00bfCu\u00e1les son sus derechos cuando nos facilitan sus datos?<\/h4>\n<p>En los t\u00e9rminos y con alcance establecido en la normativa vigente de protecci\u00f3n de datos, usted tiene derecho a:<\/p>\n<ul>\n<li>Confirmar estamos tratando o no datos personales que le conciernan, a acceder a los mismos y a la informaci\u00f3n relacionada con su tratamiento.<\/li>\n<li>Solicitar la rectificaci\u00f3n de los datos inexactos.<\/li>\n<li>Solicitar la supresi\u00f3n de los datos cuando, entre otros motivos, ya no sean necesarios para los fines que fueron recogidos, en cuyo caso se dejar\u00e1n de tratar los datos, salvo para el ejercicio o la defensa de posibles reclamaciones.<\/li>\n<li>Solicitar la limitaci\u00f3n del tratamiento de sus datos, en cuyo caso \u00fanicamente podr\u00e1n ser tratados con su consentimiento, a excepci\u00f3n de su conservaci\u00f3n y utilizaci\u00f3n para el ejercicio o la defensa de reclamaciones o con miras a la protecci\u00f3n de los derechos de otra persona f\u00edsica o jur\u00eddica o por razones de inter\u00e9s p\u00fablico importante de la Uni\u00f3n Europea o de un determinado Estado miembro.<\/li>\n<li>Oponerse al tratamiento de sus datos, en cuyo caso, se dejar\u00e1n de tratar los datos, salvo para la defensa de posibles reclamaciones.<\/li>\n<li>Recibir en un formato estructurado, de uso com\u00fan y lectura mec\u00e1nica los datos personales que le incumban y que nos haya facilitado o solicitarnos que los transmita directamente a otro responsable cuando sea t\u00e9cnicamente posible.<\/li>\n<li>Retirar el consentimiento otorgado, en su caso, para las finalidades descritas e informadas, sin que ello afecte a la licitud del tratamiento basado en el consentimiento previo a su retirada.<\/li>\n<\/ul>\n<p>Los anteriores derechos de acceso, rectificaci\u00f3n, supresi\u00f3n, limitaci\u00f3n, oposici\u00f3n y portabilidad pueden ejercerse de forma libre y gratuita, directamente por el titular de los datos o mediante representante legal o voluntario, junto con copia de su DNI o documento equivalente, a trav\u00e9s de info@clinicaplanas.com. Asimismo, le informamos que puede presentar una reclamaci\u00f3n ante la Agencia Espa\u00f1ola de Protecci\u00f3n de Datos, especialmente cuando considere que no ha obtenido satisfacci\u00f3n en el ejercicio de sus derechos, a trav\u00e9s de la p\u00e1gina Web habilitada a tales efectos por la Autoridad de Control correspondiente: <a href=\"http:\/\/www.aepd.es\">www.aepd.es<\/a>.<\/p>\n<h4><\/h4>\n<p>&nbsp;<\/p>\n<h4>Modificaci\u00f3n de la presente Pol\u00edtica<\/h4>\n<p>FJP se reserva el derecho de modificar su Pol\u00edtica de Privacidad en el supuesto de que exista un cambio de la legislaci\u00f3n vigente, doctrina jurisprudencial o por criterios propios empresariales. Si se introdujese alg\u00fan cambio en esta pol\u00edtica, el nuevo texto se publicar\u00e1 en esta misma direcci\u00f3n.<\/p>\n\n\t\t<\/div> \n\t<\/div> \n\t\t<\/div> <\/div>\n\t<\/div> \n<\/div>\n<\/section>","protected":false},"excerpt":{"rendered":"<p>POL\u00cdTICA DE PRIVACIDAD En la Fundaci\u00f3n Jaime Planas sabemos lo importante que es tu privacidad y por ello nos preocupamos por tratar tus datos personales de manera leal, l\u00edcita y transparente. A trav\u00e9s de nuestra Pol\u00edtica de Privacidad queremos proporcionarte informaci\u00f3n detallada sobre los tratamientos que realizamos con los datos que usted nos proporcione. Es<br \/><a href=\"https:\/\/www.clinicaplanas.com\/congreso2023\/?page_id=2847\" class=\"more\">Read more<\/a><\/p>\n","protected":false},"author":1,"featured_media":0,"parent":0,"menu_order":0,"comment_status":"closed","ping_status":"closed","template":"","meta":{"footnotes":""},"class_list":["post-2847","page","type-page","status-publish","hentry"],"lang":"en","translations":{"en":2847,"es":2845},"pll_sync_post":[],"_links":{"self":[{"href":"https:\/\/www.clinicaplanas.com\/congreso2023\/index.php?rest_route=\/wp\/v2\/pages\/2847"}],"collection":[{"href":"https:\/\/www.clinicaplanas.com\/congreso2023\/index.php?rest_route=\/wp\/v2\/pages"}],"about":[{"href":"https:\/\/www.clinicaplanas.com\/congreso2023\/index.php?rest_route=\/wp\/v2\/types\/page"}],"author":[{"embeddable":true,"href":"https:\/\/www.clinicaplanas.com\/congreso2023\/index.php?rest_route=\/wp\/v2\/users\/1"}],"replies":[{"embeddable":true,"href":"https:\/\/www.clinicaplanas.com\/congreso2023\/index.php?rest_route=%2Fwp%2Fv2%2Fcomments&post=2847"}],"version-history":[{"count":0,"href":"https:\/\/www.clinicaplanas.com\/congreso2023\/index.php?rest_route=\/wp\/v2\/pages\/2847\/revisions"}],"wp:attachment":[{"href":"https:\/\/www.clinicaplanas.com\/congreso2023\/index.php?rest_route=%2Fwp%2Fv2%2Fmedia&parent=2847"}],"curies":[{"name":"wp","href":"https:\/\/api.w.org\/{rel}","templated":true}]}}